{"id":161,"date":"2020-05-26T14:04:20","date_gmt":"2020-05-26T14:04:20","guid":{"rendered":"https:\/\/dev.siliconesmatter.ca\/?page_id=161"},"modified":"2020-05-28T21:35:22","modified_gmt":"2020-05-28T21:35:22","slug":"silicones","status":"publish","type":"page","link":"https:\/\/siliconesmatter.ca\/fr\/silicones\/","title":{"rendered":"Silicones"},"content":{"rendered":"<section class=\"o-block o-block--trans o-block--left\"  style=\"background-image:url(https:\/\/siliconesmatter.ca\/wp-content\/uploads\/2020\/05\/SiliconesPage_Header.jpg);\" id=\"Silicones\">\n  <div class=\"o-block__content o-block--trans-green\">\n\t\t<h2>Silicones<\/h2>\n    <div class=\"o-block__body\"><p>Les silicones consistent en une famille de mat\u00e9riaux sp\u00e9cialis\u00e9s et performants. La famille des silicones comprend les siloxanes et les silanes, qui sont tous utilis\u00e9s \u00e0 toutes les sauces dans des milliers de produits et fournissent des avantages indispensables aux secteurs cl\u00e9s de notre \u00e9conomie.<\/p>\n<\/div>\n  <\/div>\n\t<div class=\"o-block__image\"><\/div>\n<\/section>\n\n\n<section class=\"o-block o-block--image o-block--right\"  id=\"au-sujet-des-silicones\">\n<div class=\"o-block__wrap\">\n\t<div class=\"o-block__content o-block--banner\">\n\t\t<h3>Au sujet des silicones<\/h3>\n    <section class=\"o-block__body\"><p>Les silicones sont cr\u00e9\u00e9s par r\u00e9action du silicium \u2013 l&#8217;un des \u00e9l\u00e9ments les plus communs de la terre \u2013 avec le chlorom\u00e9thane, suivi d&#8217;une seconde r\u00e9action avec l&#8217;eau qui \u00e9limine l&#8217;atome de chlore. Cette r\u00e9action produit des polym\u00e8res qui sont r\u00e9sistants aux hautes et aux basses temp\u00e9ratures, qui sont utilis\u00e9s dans des milliers de produits; nous les retrouvons dans les soins de sant\u00e9, les transports (par ex. l&#8217;a\u00e9rospatiale et l&#8217;automobile), les textiles, l&#8217;\u00e9lectronique, et la construction.<\/p>\n<p>En raison de leur structure mol\u00e9culaire, les silicones peuvent \u00eatre manufactur\u00e9s sous plusieurs formes, dont les liquides, les solides, les p\u00e2tes semi-visqueuses, les graisses, les huiles et les caoutchoucs.<\/p>\n<p>Les silicones d\u00e9montrent une \u00e9tendue de propri\u00e9t\u00e9s chimiques et physiques exceptionnelle. Les silicones sont flexibles et sont \u00e0 l&#8217;\u00e9preuve de la moisissure, des produits chimiques, de la chaleur, du froid et au rayonnement ultraviolet. Les produits fabriqu\u00e9s avec des silicones adoptent ces propri\u00e9t\u00e9s et s&#8217;en retrouvent plus stables, plus attrayants esth\u00e9tiquement, plus faciles \u00e0 utiliser ou \u00e0 appliquer et plus durables.<\/p>\n<\/section>\n\t<\/div>\n\n  <div class=\"o-block__image\" style=\"background-image:url(https:\/\/siliconesmatter.ca\/wp-content\/uploads\/2020\/05\/iStock_000083871803_Medium_CROP.jpg);\">\n  <\/div>\n<\/div>\n<\/section>\n\n\n<section class=\"o-block o-block--image o-block--left\"  id=\"au-sujet-de-l-industrie\">\n<div class=\"o-block__wrap\">\n\t<div class=\"o-block__content o-block--dark-blue\">\n\t\t<h3>Au sujet de l&#8217;industrie<\/h3>\n    <section class=\"o-block__body\"><p>Le silicone est un \u00e9l\u00e9ment vital d&#8217;une vaste et diverse quantit\u00e9 de produits. Les silicones peuvent \u00eatre fournis directement aux producteurs de produits finaux, mais nous les retrouvons plus souvent \u00e0 diverses \u00e9tapes de ce que nous appelons la &#8220;cha\u00eene de valeur&#8221;. Cela signifie que leur parcours jusqu&#8217;aux march\u00e9s finaux peut \u00eatre complexe, impliquant plusieurs \u00e9tapes interd\u00e9pendantes. Les entreprises de chaque niveau successif ajoutent progressivement de la valeur en transformant ou modifiant les mati\u00e8res premi\u00e8res qui deviennent \u00e9ventuellement des produits destin\u00e9s \u00e0 la vente finale.<\/p>\n<p>La fabrication et la recherche et le d\u00e9veloppement de silicones constituent des sources importantes d&#8217;emploi au Canada. En Am\u00e9rique, l&#8217;industrie du silicone emploie 10 000 personnes directement, ce qui repr\u00e9sente autour de 700 millions de dollars en salaires bruts. On estime que jusqu&#8217;\u00e0 2.3 millions de personnes participent \u00e0 des activit\u00e9s \u00e9conomiques reli\u00e9es aux produits de silicone, soit dans la formulation, la distribution,  l&#8217;int\u00e9gration de silicones dans de plus grandes composantes ou la vente de produits contenant des silicones \u00e0 travers le Canada et l&#8217;Am\u00e9rique. \u00c0 titre de composante, les silicones stimulent la croissance \u00e9conomique de deux fa\u00e7ons : par la cr\u00e9ation d&#8217;emplois dans l&#8217;industrie du silicone et par le coup de pouce qu&#8217;ils donnent aux industries qui d\u00e9pendent des composantes de silicone.<\/p>\n<\/section>\n\t<\/div>\n\n  <div class=\"o-block__image\" style=\"background-image:url(https:\/\/siliconesmatter.ca\/wp-content\/uploads\/2020\/05\/AboutIndustry.jpg);\">\n  <\/div>\n<\/div>\n<\/section>\n","protected":false},"excerpt":{"rendered":"","protected":false},"author":1,"featured_media":0,"parent":0,"menu_order":0,"comment_status":"closed","ping_status":"closed","template":"","meta":{"footnotes":""},"class_list":["post-161","page","type-page","status-publish","hentry"],"yoast_head":"<!-- This site is optimized with the Yoast SEO plugin v25.7 - https:\/\/yoast.com\/wordpress\/plugins\/seo\/ -->\n<title>Silicones - Silicones Matter<\/title>\n<meta name=\"robots\" content=\"index, follow, max-snippet:-1, max-image-preview:large, max-video-preview:-1\" \/>\n<link rel=\"canonical\" href=\"https:\/\/siliconesmatter.ca\/fr\/silicones\/\" \/>\n<meta property=\"og:locale\" content=\"fr_FR\" \/>\n<meta property=\"og:type\" content=\"article\" \/>\n<meta property=\"og:title\" content=\"Silicones - Silicones Matter\" \/>\n<meta property=\"og:url\" content=\"https:\/\/siliconesmatter.ca\/fr\/silicones\/\" \/>\n<meta property=\"og:site_name\" content=\"Silicones Matter\" \/>\n<meta property=\"article:modified_time\" content=\"2020-05-28T21:35:22+00:00\" \/>\n<meta name=\"twitter:card\" content=\"summary_large_image\" \/>\n<script type=\"application\/ld+json\" class=\"yoast-schema-graph\">{\"@context\":\"https:\/\/schema.org\",\"@graph\":[{\"@type\":\"WebPage\",\"@id\":\"https:\/\/siliconesmatter.ca\/fr\/silicones\/\",\"url\":\"https:\/\/siliconesmatter.ca\/fr\/silicones\/\",\"name\":\"Silicones - Silicones Matter\",\"isPartOf\":{\"@id\":\"https:\/\/siliconesmatter.ca\/fr\/#website\"},\"datePublished\":\"2020-05-26T14:04:20+00:00\",\"dateModified\":\"2020-05-28T21:35:22+00:00\",\"breadcrumb\":{\"@id\":\"https:\/\/siliconesmatter.ca\/fr\/silicones\/#breadcrumb\"},\"inLanguage\":\"fr-FR\",\"potentialAction\":[{\"@type\":\"ReadAction\",\"target\":[\"https:\/\/siliconesmatter.ca\/fr\/silicones\/\"]}]},{\"@type\":\"BreadcrumbList\",\"@id\":\"https:\/\/siliconesmatter.ca\/fr\/silicones\/#breadcrumb\",\"itemListElement\":[{\"@type\":\"ListItem\",\"position\":1,\"name\":\"Home\",\"item\":\"https:\/\/siliconesmatter.ca\/fr\/\"},{\"@type\":\"ListItem\",\"position\":2,\"name\":\"Silicones\"}]},{\"@type\":\"WebSite\",\"@id\":\"https:\/\/siliconesmatter.ca\/fr\/#website\",\"url\":\"https:\/\/siliconesmatter.ca\/fr\/\",\"name\":\"Silicones Matter\",\"description\":\"Silicones have helped advance clean energy technologies and innovation, such as LED lights and electric vehicles, all of which contribute to minimizing our environmental impact.\",\"potentialAction\":[{\"@type\":\"SearchAction\",\"target\":{\"@type\":\"EntryPoint\",\"urlTemplate\":\"https:\/\/siliconesmatter.ca\/fr\/?s={search_term_string}\"},\"query-input\":{\"@type\":\"PropertyValueSpecification\",\"valueRequired\":true,\"valueName\":\"search_term_string\"}}],\"inLanguage\":\"fr-FR\"}]}<\/script>\n<!-- \/ Yoast SEO plugin. -->","yoast_head_json":{"title":"Silicones - Silicones Matter","robots":{"index":"index","follow":"follow","max-snippet":"max-snippet:-1","max-image-preview":"max-image-preview:large","max-video-preview":"max-video-preview:-1"},"canonical":"https:\/\/siliconesmatter.ca\/fr\/silicones\/","og_locale":"fr_FR","og_type":"article","og_title":"Silicones - Silicones Matter","og_url":"https:\/\/siliconesmatter.ca\/fr\/silicones\/","og_site_name":"Silicones Matter","article_modified_time":"2020-05-28T21:35:22+00:00","twitter_card":"summary_large_image","schema":{"@context":"https:\/\/schema.org","@graph":[{"@type":"WebPage","@id":"https:\/\/siliconesmatter.ca\/fr\/silicones\/","url":"https:\/\/siliconesmatter.ca\/fr\/silicones\/","name":"Silicones - Silicones Matter","isPartOf":{"@id":"https:\/\/siliconesmatter.ca\/fr\/#website"},"datePublished":"2020-05-26T14:04:20+00:00","dateModified":"2020-05-28T21:35:22+00:00","breadcrumb":{"@id":"https:\/\/siliconesmatter.ca\/fr\/silicones\/#breadcrumb"},"inLanguage":"fr-FR","potentialAction":[{"@type":"ReadAction","target":["https:\/\/siliconesmatter.ca\/fr\/silicones\/"]}]},{"@type":"BreadcrumbList","@id":"https:\/\/siliconesmatter.ca\/fr\/silicones\/#breadcrumb","itemListElement":[{"@type":"ListItem","position":1,"name":"Home","item":"https:\/\/siliconesmatter.ca\/fr\/"},{"@type":"ListItem","position":2,"name":"Silicones"}]},{"@type":"WebSite","@id":"https:\/\/siliconesmatter.ca\/fr\/#website","url":"https:\/\/siliconesmatter.ca\/fr\/","name":"Silicones Matter","description":"Silicones have helped advance clean energy technologies and innovation, such as LED lights and electric vehicles, all of which contribute to minimizing our environmental impact.","potentialAction":[{"@type":"SearchAction","target":{"@type":"EntryPoint","urlTemplate":"https:\/\/siliconesmatter.ca\/fr\/?s={search_term_string}"},"query-input":{"@type":"PropertyValueSpecification","valueRequired":true,"valueName":"search_term_string"}}],"inLanguage":"fr-FR"}]}},"_links":{"self":[{"href":"https:\/\/siliconesmatter.ca\/fr\/wp-json\/wp\/v2\/pages\/161","targetHints":{"allow":["GET"]}}],"collection":[{"href":"https:\/\/siliconesmatter.ca\/fr\/wp-json\/wp\/v2\/pages"}],"about":[{"href":"https:\/\/siliconesmatter.ca\/fr\/wp-json\/wp\/v2\/types\/page"}],"author":[{"embeddable":true,"href":"https:\/\/siliconesmatter.ca\/fr\/wp-json\/wp\/v2\/users\/1"}],"replies":[{"embeddable":true,"href":"https:\/\/siliconesmatter.ca\/fr\/wp-json\/wp\/v2\/comments?post=161"}],"version-history":[{"count":8,"href":"https:\/\/siliconesmatter.ca\/fr\/wp-json\/wp\/v2\/pages\/161\/revisions"}],"predecessor-version":[{"id":246,"href":"https:\/\/siliconesmatter.ca\/fr\/wp-json\/wp\/v2\/pages\/161\/revisions\/246"}],"wp:attachment":[{"href":"https:\/\/siliconesmatter.ca\/fr\/wp-json\/wp\/v2\/media?parent=161"}],"curies":[{"name":"wp","href":"https:\/\/api.w.org\/{rel}","templated":true}]}}