{"id":159,"date":"2020-05-26T14:00:16","date_gmt":"2020-05-26T14:00:16","guid":{"rendered":"https:\/\/dev.siliconesmatter.ca\/?page_id=159"},"modified":"2020-05-26T14:16:09","modified_gmt":"2020-05-26T14:16:09","slug":"durabilite","status":"publish","type":"page","link":"https:\/\/siliconesmatter.ca\/fr\/durabilite\/","title":{"rendered":"Durabilit\u00e9"},"content":{"rendered":"\n<div class=\"o-block o-block--youtube o-block__full o-block--dark-blue\">\n\n<div class=\"o-block__body\">\n  <h3>Durabilit\u00e9<\/h3>  <p>L&#8217;utilisation de silicones, de siloxanes et de silanes g\u00e9n\u00e8re des \u00e9conomies d&#8217;\u00e9nergies et de r\u00e9ductions d&#8217;\u00e9missions de gaz \u00e0 effet de serre qui sont largement sup\u00e9rieures \u00e0 l&#8217;impact de leur production et de leur \u00e9limination en fin de vie par un facteur de 9.<\/p>\n\n<\/div>\n<div class=\"o-block__video\"><div class=\"o-block__video--wrapper\"><div class=\"a-embed-video\">\n  <iframe loading=\"lazy\" title=\"Si-Chemistry carbon balance study\" width=\"640\" height=\"360\" src=\"https:\/\/www.youtube.com\/embed\/891DcA0SEgc?feature=oembed\" frameborder=\"0\" allow=\"accelerometer; autoplay; clipboard-write; encrypted-media; gyroscope; picture-in-picture; web-share\" referrerpolicy=\"strict-origin-when-cross-origin\" allowfullscreen><\/iframe>\n<\/div><\/div><\/div>\n<\/div>\n","protected":false},"excerpt":{"rendered":"","protected":false},"author":1,"featured_media":0,"parent":0,"menu_order":0,"comment_status":"closed","ping_status":"closed","template":"","meta":{"footnotes":""},"class_list":["post-159","page","type-page","status-publish","hentry"],"yoast_head":"<!-- This site is optimized with the Yoast SEO plugin v25.7 - https:\/\/yoast.com\/wordpress\/plugins\/seo\/ -->\n<title>Durabilit\u00e9 - Silicones Matter<\/title>\n<meta name=\"robots\" content=\"index, follow, max-snippet:-1, max-image-preview:large, max-video-preview:-1\" \/>\n<link rel=\"canonical\" href=\"https:\/\/siliconesmatter.ca\/fr\/durabilite\/\" \/>\n<meta property=\"og:locale\" content=\"fr_FR\" \/>\n<meta property=\"og:type\" content=\"article\" \/>\n<meta property=\"og:title\" content=\"Durabilit\u00e9 - Silicones Matter\" \/>\n<meta property=\"og:url\" content=\"https:\/\/siliconesmatter.ca\/fr\/durabilite\/\" \/>\n<meta property=\"og:site_name\" content=\"Silicones Matter\" \/>\n<meta property=\"article:modified_time\" content=\"2020-05-26T14:16:09+00:00\" \/>\n<meta name=\"twitter:card\" content=\"summary_large_image\" \/>\n<script type=\"application\/ld+json\" class=\"yoast-schema-graph\">{\"@context\":\"https:\/\/schema.org\",\"@graph\":[{\"@type\":\"WebPage\",\"@id\":\"https:\/\/siliconesmatter.ca\/fr\/durabilite\/\",\"url\":\"https:\/\/siliconesmatter.ca\/fr\/durabilite\/\",\"name\":\"Durabilit\u00e9 - Silicones Matter\",\"isPartOf\":{\"@id\":\"https:\/\/siliconesmatter.ca\/fr\/#website\"},\"datePublished\":\"2020-05-26T14:00:16+00:00\",\"dateModified\":\"2020-05-26T14:16:09+00:00\",\"breadcrumb\":{\"@id\":\"https:\/\/siliconesmatter.ca\/fr\/durabilite\/#breadcrumb\"},\"inLanguage\":\"fr-FR\",\"potentialAction\":[{\"@type\":\"ReadAction\",\"target\":[\"https:\/\/siliconesmatter.ca\/fr\/durabilite\/\"]}]},{\"@type\":\"BreadcrumbList\",\"@id\":\"https:\/\/siliconesmatter.ca\/fr\/durabilite\/#breadcrumb\",\"itemListElement\":[{\"@type\":\"ListItem\",\"position\":1,\"name\":\"Home\",\"item\":\"https:\/\/siliconesmatter.ca\/fr\/\"},{\"@type\":\"ListItem\",\"position\":2,\"name\":\"Durabilit\u00e9\"}]},{\"@type\":\"WebSite\",\"@id\":\"https:\/\/siliconesmatter.ca\/fr\/#website\",\"url\":\"https:\/\/siliconesmatter.ca\/fr\/\",\"name\":\"Silicones Matter\",\"description\":\"Silicones have helped advance clean energy technologies and innovation, such as LED lights and electric vehicles, all of which contribute to minimizing our environmental impact.\",\"potentialAction\":[{\"@type\":\"SearchAction\",\"target\":{\"@type\":\"EntryPoint\",\"urlTemplate\":\"https:\/\/siliconesmatter.ca\/fr\/?s={search_term_string}\"},\"query-input\":{\"@type\":\"PropertyValueSpecification\",\"valueRequired\":true,\"valueName\":\"search_term_string\"}}],\"inLanguage\":\"fr-FR\"}]}<\/script>\n<!-- \/ Yoast SEO plugin. -->","yoast_head_json":{"title":"Durabilit\u00e9 - Silicones Matter","robots":{"index":"index","follow":"follow","max-snippet":"max-snippet:-1","max-image-preview":"max-image-preview:large","max-video-preview":"max-video-preview:-1"},"canonical":"https:\/\/siliconesmatter.ca\/fr\/durabilite\/","og_locale":"fr_FR","og_type":"article","og_title":"Durabilit\u00e9 - Silicones Matter","og_url":"https:\/\/siliconesmatter.ca\/fr\/durabilite\/","og_site_name":"Silicones Matter","article_modified_time":"2020-05-26T14:16:09+00:00","twitter_card":"summary_large_image","schema":{"@context":"https:\/\/schema.org","@graph":[{"@type":"WebPage","@id":"https:\/\/siliconesmatter.ca\/fr\/durabilite\/","url":"https:\/\/siliconesmatter.ca\/fr\/durabilite\/","name":"Durabilit\u00e9 - Silicones Matter","isPartOf":{"@id":"https:\/\/siliconesmatter.ca\/fr\/#website"},"datePublished":"2020-05-26T14:00:16+00:00","dateModified":"2020-05-26T14:16:09+00:00","breadcrumb":{"@id":"https:\/\/siliconesmatter.ca\/fr\/durabilite\/#breadcrumb"},"inLanguage":"fr-FR","potentialAction":[{"@type":"ReadAction","target":["https:\/\/siliconesmatter.ca\/fr\/durabilite\/"]}]},{"@type":"BreadcrumbList","@id":"https:\/\/siliconesmatter.ca\/fr\/durabilite\/#breadcrumb","itemListElement":[{"@type":"ListItem","position":1,"name":"Home","item":"https:\/\/siliconesmatter.ca\/fr\/"},{"@type":"ListItem","position":2,"name":"Durabilit\u00e9"}]},{"@type":"WebSite","@id":"https:\/\/siliconesmatter.ca\/fr\/#website","url":"https:\/\/siliconesmatter.ca\/fr\/","name":"Silicones Matter","description":"Silicones have helped advance clean energy technologies and innovation, such as LED lights and electric vehicles, all of which contribute to minimizing our environmental impact.","potentialAction":[{"@type":"SearchAction","target":{"@type":"EntryPoint","urlTemplate":"https:\/\/siliconesmatter.ca\/fr\/?s={search_term_string}"},"query-input":{"@type":"PropertyValueSpecification","valueRequired":true,"valueName":"search_term_string"}}],"inLanguage":"fr-FR"}]}},"_links":{"self":[{"href":"https:\/\/siliconesmatter.ca\/fr\/wp-json\/wp\/v2\/pages\/159","targetHints":{"allow":["GET"]}}],"collection":[{"href":"https:\/\/siliconesmatter.ca\/fr\/wp-json\/wp\/v2\/pages"}],"about":[{"href":"https:\/\/siliconesmatter.ca\/fr\/wp-json\/wp\/v2\/types\/page"}],"author":[{"embeddable":true,"href":"https:\/\/siliconesmatter.ca\/fr\/wp-json\/wp\/v2\/users\/1"}],"replies":[{"embeddable":true,"href":"https:\/\/siliconesmatter.ca\/fr\/wp-json\/wp\/v2\/comments?post=159"}],"version-history":[{"count":3,"href":"https:\/\/siliconesmatter.ca\/fr\/wp-json\/wp\/v2\/pages\/159\/revisions"}],"predecessor-version":[{"id":169,"href":"https:\/\/siliconesmatter.ca\/fr\/wp-json\/wp\/v2\/pages\/159\/revisions\/169"}],"wp:attachment":[{"href":"https:\/\/siliconesmatter.ca\/fr\/wp-json\/wp\/v2\/media?parent=159"}],"curies":[{"name":"wp","href":"https:\/\/api.w.org\/{rel}","templated":true}]}}