{"id":157,"date":"2020-05-26T13:58:01","date_gmt":"2020-05-26T13:58:01","guid":{"rendered":"https:\/\/dev.siliconesmatter.ca\/?page_id=157"},"modified":"2020-05-28T21:37:30","modified_gmt":"2020-05-28T21:37:30","slug":"securite","status":"publish","type":"page","link":"https:\/\/siliconesmatter.ca\/fr\/securite\/","title":{"rendered":"S\u00e9curit\u00e9"},"content":{"rendered":"<section class=\"o-block o-block--image o-block--right\"  id=\"sante\">\n<div class=\"o-block__wrap\">\n\t<div class=\"o-block__content o-block--dark-blue\">\n\t\t<h3>Sant\u00e9<\/h3>\n    <section class=\"o-block__body\"><p>Les silicones comptent parmi les produits chimiques utilis\u00e9s dans les produits de consommation et les applications industrielles qui sont les plus largement \u00e9tudi\u00e9s. L&#8217;industrie appuie l&#8217;usage s\u00e9curitaire et responsable des mat\u00e9riaux \u00e0 base de silicone, et soutien une \u00e9valuation des risques qui repose sur le poids de la preuve qu&#8217;utilise le Canada dans la prise de d\u00e9cision efficace en mati\u00e8re de sant\u00e9 des \u00eatres humains. Sant\u00e9 Canada a fait appel \u00e0 une approche fond\u00e9e sur l&#8217;analyse des risques pour \u00e9valuer les siloxanes et ont pu d\u00e9terminer qu&#8217;il n&#8217;y avait aucun signe de risques aux enfants et aux adultes. D&#8217;apr\u00e8s Sant\u00e9 Canada, &#8220;les siloxanes ont \u00e9t\u00e9 \u00e9valu\u00e9s dans le cadre des risques qu&#8217;ils pouvaient pr\u00e9senter \u00e0 la sant\u00e9 humaine et environnementale sous le Plan de gestion des produits chimiques. Une analyse de l&#8217;exposition aux siloxanes par l&#8217;entremise des cosm\u00e9tiques a d\u00e9montr\u00e9 que les substances ne pr\u00e9sentaient aucun risque \u00e0 la sant\u00e9 humaine selon leur usage actuel.&#8221;<\/p>\n<p>Les conclusions de Sant\u00e9 Canada sont coh\u00e9rentes avec les d\u00e9cennies de recherche r\u00e9alis\u00e9es par l&#8217;industrie et par les scientifiques ind\u00e9pendants. Par exemple, le Cosmetic Ingredient Review a conclu qu&#8217;en mati\u00e8re d&#8217;applications cosm\u00e9tiques, il n&#8217;y avait aucun risque \u00e0 la sant\u00e9 humaine. L&#8217;industrie du silicone va demeurer \u00e0 la fine pointe de la recherche afin d&#8217;arriver \u00e0 une connaissance accrue de la s\u00e9curit\u00e9 en termes de sant\u00e9 et d&#8217;environnement offerts par les mat\u00e9riaux \u00e0 base de silicone utilis\u00e9s \u00e0 des fins industriels et de produits de consommation. L&#8217;objectif de la recherche est d&#8217;enqu\u00eater sur les probl\u00e8mes de sant\u00e9 potentiels et de communiquer les r\u00e9sultats de recherche pertinents et les renseignements relatifs \u00e0 la s\u00e9curit\u00e9 aux organismes r\u00e8glementaires, aux employ\u00e9s et aux consommateurs.<\/p>\n<\/section>\n\t<\/div>\n\n  <div class=\"o-block__image\" style=\"background-image:url(https:\/\/siliconesmatter.ca\/wp-content\/uploads\/2020\/05\/Safety_Health.jpg);\">\n  <\/div>\n<\/div>\n<\/section>\n\n\n<section class=\"o-block o-block--image o-block--left\"  id=\"l-environnement\">\n<div class=\"o-block__wrap\">\n\t<div class=\"o-block__content o-block--green\">\n\t\t<h3>L&#8217;environnement<\/h3>\n    <section class=\"o-block__body\"><p>En janvier 2009, Environnement Canada a identifi\u00e9 deux siloxanes \u2013 D4 et D5 \u2013 \u00e0 titre de substances devant possiblement se soumettre \u00e0 des mesures et \u00e0 la r\u00e8glementation environnementale. EC a revu sa d\u00e9cision apr\u00e8s avoir pris connaissance d&#8217;une analyse de d\u00e9tection compl\u00e8te pr\u00e9sentant des donn\u00e9es qui d\u00e9montraient clairement que D4 et D5 ne se comportent pas de fa\u00e7on persistente, bioaccumulable et toxique dans l&#8217;environnement. <\/p>\n<p>Concernant le D5, le ministre de l&#8217;Environnement du Canada a \u00e9tabli le tout premier Conseil d&#8217;examen afin de d\u00e9terminer, d&#8217;apr\u00e8s les derniers travaux scientifiques, si le D5 pouvait pr\u00e9senter un risque \u00e0 l&#8217;environnement. Suite \u00e0 un processus d&#8217;examen scientifique, qui comprenait des audiences formelles et un examen rigoureux de toute information scientifique pertinente concernant le comportement de D5 dans l&#8217;environnement, et de tout danger potentiel pr\u00e9sent\u00e9 par la substance, le Conseil a conclu en octobre 2011, que &#8220;le siloxane D5 ne pr\u00e9sente aucun danger \u00e0 l&#8217;environnement ou \u00e0 sa diversit\u00e9 biologique&#8221;. De plus, le Conseil \u2013 compos\u00e9 de toxicologues ind\u00e9pendants \u2013 a conclu que &#8220;d&#8217;apr\u00e8s l&#8217;information pr\u00e9sent\u00e9e, le siloxane D5 ne mettra pas l&#8217;environnement ou sa diversit\u00e9 biologique en p\u00e9ril dans le futur&#8221;. En f\u00e9vrier 2012, le ministre de l&#8217;Environnement du Canada a ratifi\u00e9 les r\u00e9sultats du Conseil d&#8217;examen et a enlev\u00e9 le D5 de la liste des substances toxiques propos\u00e9es.<\/p>\n<p>De plus, alors qu&#8217;Environnement Canada avait inclus le D4 dans la liste des produits toxiques de la LCPE, suite \u00e0 un examen des donn\u00e9es scientifiques et des r\u00e9sultats de suivi environnemental disponibles pour le D4, ils n&#8217;ont pas impos\u00e9 de restrictions au niveau de l&#8217;utilisation ou des limites de concentrations retrouv\u00e9es dans les produits \u00e0 base de D4.<\/p>\n<p>L&#8217;industrie du silicone ne croit pas qu\u2019il faut limiter l&#8217;utilisation du D4 et du D5 sous aucune application, puisque les concentrations de ces substances qui ont \u00e9t\u00e9 mesur\u00e9es dans l&#8217;environnement sont bien en de\u00e7\u00e0 des niveaux qui pourraient pr\u00e9senter un risque \u00e0 celui-ci. L&#8217;industrie du silicone collabore activement avec les autorit\u00e9s de diff\u00e9rentes r\u00e9gions, dont le Canada, dans le but de fournir des donn\u00e9es provenant des \u00e9tudes de suivi environnemental de l&#8217;industrie ainsi que de la recherche additionnelle. L&#8217;industrie continuera de travailler de concert avec les autorit\u00e9s sur le d\u00e9veloppement d&#8217;\u00e9valuations r\u00e8glementaires et les mesures de gestion y aff\u00e9rentes qui minimiseront leur impact sur l&#8217;environnement, faciliteront l&#8217;innovation, la cr\u00e9ation d&#8217;emplois et la croissance \u00e9conomique.<\/p>\n<\/section>\n\t<\/div>\n\n  <div class=\"o-block__image\" style=\"background-image:url(https:\/\/siliconesmatter.ca\/wp-content\/uploads\/2020\/05\/Safety_Environment.jpg);\">\n  <\/div>\n<\/div>\n<\/section>\n","protected":false},"excerpt":{"rendered":"","protected":false},"author":1,"featured_media":0,"parent":0,"menu_order":0,"comment_status":"closed","ping_status":"closed","template":"","meta":{"footnotes":""},"class_list":["post-157","page","type-page","status-publish","hentry"],"yoast_head":"<!-- This site is optimized with the Yoast SEO plugin v25.7 - https:\/\/yoast.com\/wordpress\/plugins\/seo\/ -->\n<title>S\u00e9curit\u00e9 - Silicones Matter<\/title>\n<meta name=\"robots\" content=\"index, follow, max-snippet:-1, max-image-preview:large, max-video-preview:-1\" \/>\n<link rel=\"canonical\" href=\"https:\/\/siliconesmatter.ca\/fr\/securite\/\" \/>\n<meta property=\"og:locale\" content=\"fr_FR\" \/>\n<meta property=\"og:type\" content=\"article\" \/>\n<meta property=\"og:title\" content=\"S\u00e9curit\u00e9 - Silicones Matter\" \/>\n<meta property=\"og:url\" content=\"https:\/\/siliconesmatter.ca\/fr\/securite\/\" \/>\n<meta property=\"og:site_name\" content=\"Silicones Matter\" \/>\n<meta property=\"article:modified_time\" content=\"2020-05-28T21:37:30+00:00\" \/>\n<meta name=\"twitter:card\" content=\"summary_large_image\" \/>\n<script type=\"application\/ld+json\" class=\"yoast-schema-graph\">{\"@context\":\"https:\/\/schema.org\",\"@graph\":[{\"@type\":\"WebPage\",\"@id\":\"https:\/\/siliconesmatter.ca\/fr\/securite\/\",\"url\":\"https:\/\/siliconesmatter.ca\/fr\/securite\/\",\"name\":\"S\u00e9curit\u00e9 - Silicones Matter\",\"isPartOf\":{\"@id\":\"https:\/\/siliconesmatter.ca\/fr\/#website\"},\"datePublished\":\"2020-05-26T13:58:01+00:00\",\"dateModified\":\"2020-05-28T21:37:30+00:00\",\"breadcrumb\":{\"@id\":\"https:\/\/siliconesmatter.ca\/fr\/securite\/#breadcrumb\"},\"inLanguage\":\"fr-FR\",\"potentialAction\":[{\"@type\":\"ReadAction\",\"target\":[\"https:\/\/siliconesmatter.ca\/fr\/securite\/\"]}]},{\"@type\":\"BreadcrumbList\",\"@id\":\"https:\/\/siliconesmatter.ca\/fr\/securite\/#breadcrumb\",\"itemListElement\":[{\"@type\":\"ListItem\",\"position\":1,\"name\":\"Home\",\"item\":\"https:\/\/siliconesmatter.ca\/fr\/\"},{\"@type\":\"ListItem\",\"position\":2,\"name\":\"S\u00e9curit\u00e9\"}]},{\"@type\":\"WebSite\",\"@id\":\"https:\/\/siliconesmatter.ca\/fr\/#website\",\"url\":\"https:\/\/siliconesmatter.ca\/fr\/\",\"name\":\"Silicones Matter\",\"description\":\"Silicones have helped advance clean energy technologies and innovation, such as LED lights and electric vehicles, all of which contribute to minimizing our environmental impact.\",\"potentialAction\":[{\"@type\":\"SearchAction\",\"target\":{\"@type\":\"EntryPoint\",\"urlTemplate\":\"https:\/\/siliconesmatter.ca\/fr\/?s={search_term_string}\"},\"query-input\":{\"@type\":\"PropertyValueSpecification\",\"valueRequired\":true,\"valueName\":\"search_term_string\"}}],\"inLanguage\":\"fr-FR\"}]}<\/script>\n<!-- \/ Yoast SEO plugin. -->","yoast_head_json":{"title":"S\u00e9curit\u00e9 - Silicones Matter","robots":{"index":"index","follow":"follow","max-snippet":"max-snippet:-1","max-image-preview":"max-image-preview:large","max-video-preview":"max-video-preview:-1"},"canonical":"https:\/\/siliconesmatter.ca\/fr\/securite\/","og_locale":"fr_FR","og_type":"article","og_title":"S\u00e9curit\u00e9 - Silicones Matter","og_url":"https:\/\/siliconesmatter.ca\/fr\/securite\/","og_site_name":"Silicones Matter","article_modified_time":"2020-05-28T21:37:30+00:00","twitter_card":"summary_large_image","schema":{"@context":"https:\/\/schema.org","@graph":[{"@type":"WebPage","@id":"https:\/\/siliconesmatter.ca\/fr\/securite\/","url":"https:\/\/siliconesmatter.ca\/fr\/securite\/","name":"S\u00e9curit\u00e9 - Silicones Matter","isPartOf":{"@id":"https:\/\/siliconesmatter.ca\/fr\/#website"},"datePublished":"2020-05-26T13:58:01+00:00","dateModified":"2020-05-28T21:37:30+00:00","breadcrumb":{"@id":"https:\/\/siliconesmatter.ca\/fr\/securite\/#breadcrumb"},"inLanguage":"fr-FR","potentialAction":[{"@type":"ReadAction","target":["https:\/\/siliconesmatter.ca\/fr\/securite\/"]}]},{"@type":"BreadcrumbList","@id":"https:\/\/siliconesmatter.ca\/fr\/securite\/#breadcrumb","itemListElement":[{"@type":"ListItem","position":1,"name":"Home","item":"https:\/\/siliconesmatter.ca\/fr\/"},{"@type":"ListItem","position":2,"name":"S\u00e9curit\u00e9"}]},{"@type":"WebSite","@id":"https:\/\/siliconesmatter.ca\/fr\/#website","url":"https:\/\/siliconesmatter.ca\/fr\/","name":"Silicones Matter","description":"Silicones have helped advance clean energy technologies and innovation, such as LED lights and electric vehicles, all of which contribute to minimizing our environmental impact.","potentialAction":[{"@type":"SearchAction","target":{"@type":"EntryPoint","urlTemplate":"https:\/\/siliconesmatter.ca\/fr\/?s={search_term_string}"},"query-input":{"@type":"PropertyValueSpecification","valueRequired":true,"valueName":"search_term_string"}}],"inLanguage":"fr-FR"}]}},"_links":{"self":[{"href":"https:\/\/siliconesmatter.ca\/fr\/wp-json\/wp\/v2\/pages\/157","targetHints":{"allow":["GET"]}}],"collection":[{"href":"https:\/\/siliconesmatter.ca\/fr\/wp-json\/wp\/v2\/pages"}],"about":[{"href":"https:\/\/siliconesmatter.ca\/fr\/wp-json\/wp\/v2\/types\/page"}],"author":[{"embeddable":true,"href":"https:\/\/siliconesmatter.ca\/fr\/wp-json\/wp\/v2\/users\/1"}],"replies":[{"embeddable":true,"href":"https:\/\/siliconesmatter.ca\/fr\/wp-json\/wp\/v2\/comments?post=157"}],"version-history":[{"count":7,"href":"https:\/\/siliconesmatter.ca\/fr\/wp-json\/wp\/v2\/pages\/157\/revisions"}],"predecessor-version":[{"id":248,"href":"https:\/\/siliconesmatter.ca\/fr\/wp-json\/wp\/v2\/pages\/157\/revisions\/248"}],"wp:attachment":[{"href":"https:\/\/siliconesmatter.ca\/fr\/wp-json\/wp\/v2\/media?parent=157"}],"curies":[{"name":"wp","href":"https:\/\/api.w.org\/{rel}","templated":true}]}}