{"id":155,"date":"2020-05-26T13:56:52","date_gmt":"2020-05-26T13:56:52","guid":{"rendered":"https:\/\/dev.siliconesmatter.ca\/?page_id=155"},"modified":"2020-05-26T16:28:48","modified_gmt":"2020-05-26T16:28:48","slug":"innovation","status":"publish","type":"page","link":"https:\/\/siliconesmatter.ca\/fr\/innovation\/","title":{"rendered":"Innovation"},"content":{"rendered":"<section class=\"o-block o-block--image o-block--left\"  id=\"le-transport\">\n<div class=\"o-block__wrap\">\n\t<div class=\"o-block__content o-block--green\">\n\t\t<h3>Le transport<\/h3>\n    <section class=\"o-block__body\"><p>L&#8217;industrie automobile du Canada emploie 159 000 personnes et utilise presque 3 000 tonnes de silicone pour assurer un transport plus efficace, plus s\u00e9curitaire et plus fiable. Il est important que les mat\u00e9riaux utilis\u00e9s dans les v\u00e9hicules passagers et commerciaux fassent preuve de rendement sup\u00e9rieur, m\u00eame sous les conditions extr\u00eames du Canada. \u00c9tant donn\u00e9 que les silicones peuvent r\u00e9sister aux temp\u00e9ratures tr\u00e8s \u00e9lev\u00e9es, au sel, \u00e0 la pluie, ils sont utilis\u00e9s pour prot\u00e9ger et isoler les pi\u00e8ces moteur dans le but d&#8217;augmenter la s\u00e9curit\u00e9 des v\u00e9hicules tout au long de leurs vies. <\/p>\n<p>Les silicones sont utilis\u00e9s dans presque tous les aspects de l&#8217;assemblage automobile, des pneus au moteur, des fen\u00eatres au toit ouvrant. Des tissus tr\u00e8s durables et \u00e9tanches aux gaz sont essentiels au rendement des coussins de s\u00e9curit\u00e9 gonflables et leur permettent de se gonfler \u00e0 un moment pr\u00e9cis et \u00e0 un niveau de pression pr\u00e9cis. C&#8217;est pourquoi les tissus de coussins gonflables sont enduits de silicone \u00e0 l&#8217;int\u00e9rieur \u2013 cr\u00e9ant une fermeture herm\u00e9tique \u2013 qui augmente la r\u00e9sistance et la durabilit\u00e9 du tissu, et au final les silicones contribuent \u00e0 une s\u00e9curit\u00e9 accrue et \u00e0 la r\u00e9duction des d\u00e9c\u00e8s routiers.<\/p>\n<p>L&#8217;usage que fait l&#8217;industrie de l&#8217;automobile des silicones a contribu\u00e9 \u00e0 la r\u00e9duction du danger au conducteur et au passager, ainsi qu&#8217;aux co\u00fbts associ\u00e9s avec les pannes de v\u00e9hicules et leur entretien. Les composantes plus l\u00e9g\u00e8res en silicone contribuent \u00e0 la r\u00e9duction de poids des v\u00e9hicules, ce qui \u00e0 son tour augmente leur efficacit\u00e9 en carburant et diminue les \u00e9missions de divers polluants. De plus, les pneus &#8220;verts&#8221; renforc\u00e9s de silice et trait\u00e9s au silane r\u00e9duisent la r\u00e9sistance au roulement, ce qui g\u00e9n\u00e8re des \u00e9conomies de carburant pour les consommateurs et r\u00e9duit notre utilisation de p\u00e9trole \u00e0 long terme. <\/p>\n<p>Pour l&#8217;industrie canadienne du commerce maritime, les peintures et les rev\u00eatements \u00e0 base de silicone pr\u00e9sentent des alternatives plus s\u00e9curitaires que les peintures et les rev\u00eatements marins traditionnels. Avec l&#8217;application de ces peintures et rev\u00eatements \u00e0 base de silicone aux coques de navires et de bateaux, l&#8217;accumulation de couches de salet\u00e9s est r\u00e9duite de fa\u00e7on importante, ce qui augmente l&#8217;efficacit\u00e9 du carburant. Pour les gros cargos, cette am\u00e9lioration est particuli\u00e8rement importante, puisque la consommation de carburant est tr\u00e8s grande.   <\/p>\n<\/section>\n\t<\/div>\n\n  <div class=\"o-block__image\" style=\"background-image:url(https:\/\/siliconesmatter.ca\/wp-content\/uploads\/2020\/05\/Innovation_Transportation.jpg);\">\n  <\/div>\n<\/div>\n<\/section>\n\n\n<section class=\"o-block o-block--image o-block--right\"  id=\"les-soins-de-sant-\">\n<div class=\"o-block__wrap\">\n\t<div class=\"o-block__content o-block--dark-blue\">\n\t\t<h3>Les soins de sant\u00e9<\/h3>\n    <section class=\"o-block__body\"><p>Le Canada ach\u00e8te environ 5 millions de dollars, ou 500 tonnes, de produits de silicone \u00e0 destination de l&#8217;industrie des soins de sant\u00e9. Les silicones font partie int\u00e9grante des diagnostics et des traitements innovants, ce qui aide les prestataires de soins de sant\u00e9 \u00e0 fournir le meilleur soin possible aux patients. Les silicones sont bien tol\u00e9r\u00e9s par la peau et le corps des humains et peuvent promouvoir la gu\u00e9rison, am\u00e9liorer l&#8217;apparence de cicatrices existantes et r\u00e9duire les malaises.<\/p>\n<p>Les applications m\u00e9dicales et les produits de pu\u00e9riculture comportant des silicones sont conformes aux normes de qualit\u00e9 les plus \u00e9lev\u00e9es r\u00e9clam\u00e9es par les professionnels des soins de sant\u00e9 ainsi que leurs patients. R\u00e9sistant aux bact\u00e9ries, les silicones sont faciles \u00e0 st\u00e9riliser et sont d&#8217;excellents candidats pour les applications d\u00e9licates, telles que les tubes d&#8217;assistance respiratoire et les m\u00e9dicaments topiques. Les silicones ne r\u00e9agissent pas aux autres mat\u00e9riaux et n&#8217;irritent pas la peau. Ils sont \u00e9galement hypoallerg\u00e8nes, et peuvent donc \u00eatre utilis\u00e9s en toute s\u00e9curit\u00e9 au contact de la peau et de fa\u00e7on intraveineuse.<\/p>\n<p>Les silicones peuvent reproduire le plus rigoureusement la qualit\u00e9 de la peau et fournir un coussin et un confort exceptionnel. Les proth\u00e8ses ou les joints artificiels \u00e0 base de silicone peuvent \u00eatre moul\u00e9s sous forme de coussin et font preuve de suffisamment de durabilit\u00e9 pour conserver leur forme, fournissant un maximum de confort et de s\u00e9curit\u00e9 lors de ces applications d\u00e9licates. Ils peuvent aussi r\u00e9sister \u00e0 la croissance bact\u00e9rienne et aident \u00e0 r\u00e9duire les risques d&#8217;infections.<\/p>\n<\/section>\n\t<\/div>\n\n  <div class=\"o-block__image\" style=\"background-image:url(https:\/\/siliconesmatter.ca\/wp-content\/uploads\/2020\/05\/healthcare.jpg);\">\n  <\/div>\n<\/div>\n<\/section>\n\n\n<section class=\"o-block o-block--image o-block--left\"  id=\"l-nergie\">\n<div class=\"o-block__wrap\">\n\t<div class=\"o-block__content o-block--green\">\n\t\t<h3>L&#8217;\u00e9nergie<\/h3>\n    <section class=\"o-block__body\"><p>M\u00eame les tr\u00e8s petites quantit\u00e9s de silicones contribuent aux grandes \u00e9conomies d&#8217;\u00e9nergie pour les familles et entreprises canadiennes. Par exemple, les silicones utilis\u00e9s dans les vitrages isolants pr\u00e9sentent des avantages impressionnants en termes d&#8217;efficacit\u00e9 \u00e9nerg\u00e9tique et d&#8217;\u00e9missions de gaz \u00e0 effet de serre. <\/p>\n<p>En contrepartie de chaque tonne de CO2 \u00e9mise lors de la production d&#8217;un produit de silicone, les silicones r\u00e9duisent les \u00e9missions par un facteur de 27.7 lorsque les vitrages isolants sont utilis\u00e9s. De faibles quantit\u00e9s d&#8217;additifs de silicone sont \u00e9galement ajout\u00e9es dans le processus de fabrication des mousses de polyur\u00e9thane utilis\u00e9s pour isoler les b\u00e2timents, les appareils \u00e9lectrom\u00e9nagers et les \u00e9quipements divers. Ces additifs sont indispensables pour permettre aux mat\u00e9riaux isolants de fonctionner ad\u00e9quatement, et diminuent donc l&#8217;impact sur l&#8217;environnement. <\/p>\n<p>Les silicones utilis\u00e9s dans l&#8217;\u00e9clairage DEL contribuent \u00e0 une efficacit\u00e9 \u00e9nerg\u00e9tique accrue. Les lumi\u00e8res DEL utilisent actuellement 90 pour cent moins d&#8217;\u00e9nergie que l&#8217;\u00e9clairage conventionnel et pourraient g\u00e9n\u00e9rer des \u00e9conomies de 12 milliards de dollars et r\u00e9duire les 60 millions de tonnes de gaz \u00e0 effet de serre \u00e9mis annuellement. Les silicones am\u00e9liorent \u00e9galement les technologies d&#8217;\u00e9nergie renouvelable, telles que les \u00e9oliennes et les panneaux solaires.<\/p>\n<p>Les \u00e9oliennes\u2028<br \/>\nL&#8217;\u00e9nergie \u00e9olienne est l&#8217;une des sources d&#8217;\u00e9lectricit\u00e9 non traditionnelle majeure qui connait un essor le plus rapide au monde, et une des technologies d&#8217;\u00e9nergie renouvelable les plus importantes du Canada. Au cours des cinq derni\u00e8res ann\u00e9es, la capacit\u00e9 en \u00e9nergie \u00e9olienne du Canada s&#8217;est vue augment\u00e9e de 23 pour cent par ann\u00e9e en moyenne, et l&#8217;\u00e9nergie \u00e9olienne a \u00e9t\u00e9 la plus grande source de production d&#8217;\u00e9nergie non traditionnelle du Canada. L&#8217;\u00e9nergie \u00e9olienne est maintenant l&#8217;option d&#8217;approvisionnement non traditionnel la moins co\u00fbteuse dans presque toutes les provinces.<\/p>\n<p>Les \u00e9oliennes qui se trouvent dans les endroits venteux g\u00e9n\u00e8rent de l&#8217;\u00e9lectricit\u00e9 qui alimente le r\u00e9seau \u00e9lectrique. Des adh\u00e9sifs avanc\u00e9s \u00e0 base de silicones lient les pales de rotor gigantesques des \u00e9oliennes. \u00c0 une distance de 100 m\u00e8tres du sol ou de la mer, les adh\u00e9sifs \u00e0 base de silicone peuvent r\u00e9sister aux conditions les plus ardues et aux temp\u00e9ratures extr\u00eames du Canada, m\u00eame en hiver. Ils arrivent \u00e0 solidement lier des mat\u00e9riaux qui \u00e9taient autrefois difficiles \u00e0 fixer ensemble.<\/p>\n<p>Les panneaux solaires\u2028<br \/>\nAlors que le silicone est utilis\u00e9 dans 90 pour cent des panneaux solaires, les silicones sont essentiels \u00e0 l&#8217;int\u00e9grit\u00e9 et au fonctionnement des panneaux au moment o\u00f9 le Canada cherche \u00e0 renforcer la position de l&#8217;\u00e9lectricit\u00e9 solaire \u00e0 titre de source d&#8217;\u00e9nergie majeure, et en tant qu&#8217;\u00e9l\u00e9ment incontournable de l&#8217;approvisionnement en \u00e9lectricit\u00e9 diversifi\u00e9 du pays. En 2013, les installations de syst\u00e8mes d&#8217;\u00e9lectricit\u00e9 solaire ont augment\u00e9 de presque 60 pour cent par rapport \u00e0 l&#8217;ann\u00e9e pr\u00e9c\u00e9dente. Les silicones sont utilis\u00e9s \u00e0 l&#8217;int\u00e9rieur d&#8217;adh\u00e9sifs remplis de m\u00e9taux et \u00e0 base de silicone qui fournissent une interconnexion fiable des cellules solaires \u2013 permettant une conductivit\u00e9 \u00e9lectrique et une flexibilit\u00e9 \u00e9lev\u00e9e tout en r\u00e9duisant les co\u00fbts des mat\u00e9riaux.<\/p>\n<\/section>\n\t<\/div>\n\n  <div class=\"o-block__image\" style=\"background-image:url(https:\/\/siliconesmatter.ca\/wp-content\/uploads\/2020\/05\/GSC_Innovation_Energy-002.jpg);\">\n  <\/div>\n<\/div>\n<\/section>\n\n\n<section class=\"o-block o-block--image o-block--right\"  id=\"l-lectronique\">\n<div class=\"o-block__wrap\">\n\t<div class=\"o-block__content o-block--dark-blue\">\n\t\t<h3>L&#8217;\u00e9lectronique<\/h3>\n    <section class=\"o-block__body\"><p>Pour la plupart des familles canadiennes, l&#8217;\u00e9lectronique fait partie du quotidien. En 2015, presque 56 pour cent des Canadiens utilisaient r\u00e9guli\u00e8rement un t\u00e9l\u00e9phone intelligent. Les scellants, les adh\u00e9sifs et les enduits \u00e0 base de silicone sont utilis\u00e9s dans les circuits, les connecteurs, les condensateurs, les batteries, les transistors et les tubes dans la plupart des appareils \u00e9lectroniques \u00e0 usage personnel ou commercial. Les silicones prot\u00e8gent les diverses composantes \u00e0 l&#8217;int\u00e9rieur des \u00e9quipements \u00e9lectroniques et de technologies de l&#8217;information et de la communication (TIC) contre la chaleur, les impacts et les contaminants, ce qui est indispensable \u00e0 la stabilit\u00e9 et au rendement \u00e0 long terme d&#8217;un grand nombre de produits \u00e9lectroniques. <\/p>\n<p>Les silicones ont permis aux appareils \u00e9lectroniques de devenir plus petits tout en offrant une fonctionnalit\u00e9 accrue et de prot\u00e9ger ces appareils contre l&#8217;humidit\u00e9, la poussi\u00e8re et la contrainte m\u00e9canique en fournissant de l&#8217;adh\u00e9rence, de la flexibilit\u00e9 et de la r\u00e9sistance. La technologie des silicones est vitale au rendement \u00e0 long terme de plusieurs appareils \u00e9lectroniques, de plus en plus petits, portables et sophistiqu\u00e9s, tels que les t\u00e9l\u00e9phones portables, les lecteurs MP3, les tablettes, les GPS, les appareils auditifs et bien plus encore. Alors que les appareils deviennent plus petits, ils viennent aussi \u00e0 d\u00e9pendre davantage de l&#8217;isolation \u00e9lectrique et thermique efficace que peuvent fournir les silicones.<\/p>\n<p>En tout, le Canada ach\u00e8te presque 7 millions de dollars de produits de silicones destin\u00e9s au secteur de l&#8217;\u00e9lectronique. Ce chiffre pourrait potentiellement augmenter alors que les silicones contribuent \u00e0 la croissance rapide des appareils \u00e9lectroniques personnels et m\u00e9dicaux.<\/p>\n<\/section>\n\t<\/div>\n\n  <div class=\"o-block__image\" style=\"background-image:url(https:\/\/siliconesmatter.ca\/wp-content\/uploads\/2020\/05\/Stocksy_txpabcb8c6evJx000_Medium_956372_CROP-1.jpg);\">\n  <\/div>\n<\/div>\n<\/section>\n\n\n<section class=\"o-block o-block--image o-block--left\"  id=\"les-produits-de-consommation-\">\n<div class=\"o-block__wrap\">\n\t<div class=\"o-block__content o-block--green\">\n\t\t<h3>Les produits de consommation<\/h3>\n    <section class=\"o-block__body\"><p>Le secteur des soins personnels et des produits de consommation est responsable de 25 millions de dollars en ventes de silicone en raison des propri\u00e9t\u00e9s uniques et de la polyvalence du silicone. On peut retrouver les silicones dans une gamme \u00e9tendue de produits, des cr\u00e8mes pour la peau au maquillage au d\u00e9odorant aux shampooings et revitalisants. Ils conf\u00e8rent une texture lisse ou brillante en plus des avantages reli\u00e9s au traitement, parmi lesquels on retrouve la transparence, l&#8217;absence de go\u00fbt ou d&#8217;odeur, une faible tension superficielle et faible irritation cutan\u00e9e \u2013 qui sont tous des facteurs sur lesquels comptent les hommes et les femmes du Canada.<\/p>\n<p>Les silicones sont aussi utilis\u00e9s dans la fabrication d&#8217;autres produits utiles et quotidiens, tels que les vernis, les cires et les d\u00e9tergents. Par exemple, la technologie d&#8217;adoucissement \u00e0 base de silicone peut r\u00e9duire la consommation d&#8217;eau dans les derni\u00e8res phases de la production de textile de 30-50 pour cent (une \u00e9conomie d&#8217;environ 15 litres d&#8217;eau par paire de jeans).<\/p>\n<\/section>\n\t<\/div>\n\n  <div class=\"o-block__image\" style=\"background-image:url(https:\/\/siliconesmatter.ca\/wp-content\/uploads\/2020\/05\/iStock_000022464645_Medium_CROP.jpg);\">\n  <\/div>\n<\/div>\n<\/section>\n\n\n<section class=\"o-block o-block--image o-block--right\"  id=\"l-industrie\">\n<div class=\"o-block__wrap\">\n\t<div class=\"o-block__content o-block--dark-blue\">\n\t\t<h3>L&#8217;industrie<\/h3>\n    <section class=\"o-block__body\"><p>Les silicones sont utilis\u00e9s dans plusieurs proc\u00e9d\u00e9s industriels, et trouvent des applications dans l&#8217;industrie du p\u00e9trole et du gaz, ainsi que dans le traitement des p\u00e2tes et papiers. En g\u00e9n\u00e9ral, les silicones augmentent l&#8217;efficacit\u00e9 et r\u00e9duisent les co\u00fbts de production. Ils conf\u00e8rent de la durabilit\u00e9 et de la fiabilit\u00e9 \u00e0 l&#8217;\u00e9quipement, diminuant les risques de temps d&#8217;arr\u00eat et r\u00e9duisant les co\u00fbts d&#8217;entretien. <\/p>\n<p>Dans l&#8217;industrie prosp\u00e8re du p\u00e9trole et du gaz du Canada, qui emploie presque 200 000 personnes, les antimousses de silicone permettent des taux d&#8217;extraction plus \u00e9lev\u00e9s, en plus d&#8217;une r\u00e9duction de consommation d&#8217;eau ainsi qu&#8217;une plus haute qualit\u00e9 de p\u00e2te et davantage d&#8217;efficacit\u00e9s dans la production de p\u00e2tes et papiers. Leur r\u00e9sistance aux fortes pressions, aux temp\u00e9ratures \u00e9lev\u00e9es et aux r\u00e9actions chimiques en font un candidat id\u00e9al pour les proc\u00e9d\u00e9s industriels exigeants dans lesquels les scellants de vulcanisation \u00e0 temp\u00e9rature ambiante permettent un rendement stable, emp\u00eachant ainsi les temps d&#8217;arr\u00eat et les probl\u00e8mes de s\u00e9curit\u00e9.<\/p>\n<p>Les formulations de silicone \u00e0 base d&#8217;eau, sans solvant, ayant pour effet de r\u00e9duire les solvants, aident les fabricants de p\u00e2tes, de papiers, d&#8217;\u00e9tiquettes et de rubans adh\u00e9sifs du monde entier \u00e0 r\u00e9pondre aux questions de co\u00fbts, de s\u00e9curit\u00e9 et de protection de l&#8217;environnement.<\/p>\n<\/section>\n\t<\/div>\n\n  <div class=\"o-block__image\" style=\"background-image:url(https:\/\/siliconesmatter.ca\/wp-content\/uploads\/2020\/05\/newspaper.jpg);\">\n  <\/div>\n<\/div>\n<\/section>\n\n\n<section class=\"o-block o-block--image o-block--left\"  id=\"la-construction\">\n<div class=\"o-block__wrap\">\n\t<div class=\"o-block__content o-block--green\">\n\t\t<h3>La construction<\/h3>\n    <section class=\"o-block__body\"><p>Au Canada, plus de 11 000 tonnes de silicones sont utilis\u00e9es dans les mat\u00e9riaux de construction. Les silicones se lient avec la plupart des mat\u00e9riaux, y compris le b\u00e9ton, le verre, le granit, le marbre, l&#8217;aluminium, l&#8217;acier et les mati\u00e8res plastiques. Ils sont extr\u00eamement durables et peuvent r\u00e9sister \u00e0 la d\u00e9composition dont sont victimes les autres mat\u00e9riaux face aux conditions climatiques difficiles, l&#8217;humidit\u00e9 ou le soleil. Les scellants \u00e0 base de silicone peuvent emp\u00eacher l&#8217;humidit\u00e9 et l&#8217;air chaud ou froid de s&#8217;\u00e9chapper par les joints et les fissures, permettant donc aux b\u00e2timents d&#8217;avoir un meilleur rendement \u00e9nerg\u00e9tique et contribuant \u00e0 la r\u00e9duction des co\u00fbts. Leur flexibilit\u00e9 peut \u00e9galement r\u00e9duire les d\u00e9g\u00e2ts caus\u00e9s par les s\u00e9ismes de petite et moyenne \u00e9chelle qui ont parfois lieu dans l&#8217;ouest du Canada.<\/p>\n<p>Les scellants, les adh\u00e9sifs et les enduits \u00e0 base de silicone permettent aux mat\u00e9riaux de construction de mieux fonctionner et de durer plus longtemps. Les additifs de silicone sont ajout\u00e9s lors du processus de fabrication de la mousse de polyur\u00e9thane destin\u00e9e \u00e0 l&#8217;isolation des b\u00e2timents, des appareils \u00e9lectrom\u00e9nagers et des \u00e9quipements divers. Les scellants et les enduits prot\u00e8gent les joints et les mat\u00e9riaux de l&#8217;humidit\u00e9, de la chaleur, de la corrosion, du soleil,  du rayonnement ultraviolet, de la pollution et d&#8217;autres produits chimiques.<\/p>\n<p>Les rev\u00eatements de silicone pr\u00e9servent les monuments au Canada et autour du monde. Les silicones permettent \u00e9galement la construction de certains des projets architecturaux modernes les plus spectaculaires. Par exemple, les parois continues de vitre et de m\u00e9tal des gratte-ciels ne seraient pas possibles sans les silicones.<\/p>\n<\/section>\n\t<\/div>\n\n  <div class=\"o-block__image\" style=\"background-image:url(https:\/\/siliconesmatter.ca\/wp-content\/uploads\/2020\/05\/Stocksy_txp381569dc6Kx000_Medium_430222_CROP.jpg);\">\n  <\/div>\n<\/div>\n<\/section>\n","protected":false},"excerpt":{"rendered":"","protected":false},"author":1,"featured_media":0,"parent":0,"menu_order":0,"comment_status":"closed","ping_status":"closed","template":"","meta":{"footnotes":""},"class_list":["post-155","page","type-page","status-publish","hentry"],"yoast_head":"<!-- This site is optimized with the Yoast SEO plugin v25.7 - https:\/\/yoast.com\/wordpress\/plugins\/seo\/ -->\n<title>Innovation - Silicones Matter<\/title>\n<meta name=\"robots\" content=\"index, follow, max-snippet:-1, max-image-preview:large, max-video-preview:-1\" \/>\n<link rel=\"canonical\" href=\"https:\/\/siliconesmatter.ca\/fr\/innovation\/\" \/>\n<meta property=\"og:locale\" content=\"fr_FR\" \/>\n<meta property=\"og:type\" content=\"article\" \/>\n<meta property=\"og:title\" content=\"Innovation - Silicones Matter\" \/>\n<meta property=\"og:url\" content=\"https:\/\/siliconesmatter.ca\/fr\/innovation\/\" \/>\n<meta property=\"og:site_name\" content=\"Silicones Matter\" \/>\n<meta property=\"article:modified_time\" content=\"2020-05-26T16:28:48+00:00\" \/>\n<meta name=\"twitter:card\" content=\"summary_large_image\" \/>\n<script type=\"application\/ld+json\" class=\"yoast-schema-graph\">{\"@context\":\"https:\/\/schema.org\",\"@graph\":[{\"@type\":\"WebPage\",\"@id\":\"https:\/\/siliconesmatter.ca\/fr\/innovation\/\",\"url\":\"https:\/\/siliconesmatter.ca\/fr\/innovation\/\",\"name\":\"Innovation - Silicones Matter\",\"isPartOf\":{\"@id\":\"https:\/\/siliconesmatter.ca\/fr\/#website\"},\"datePublished\":\"2020-05-26T13:56:52+00:00\",\"dateModified\":\"2020-05-26T16:28:48+00:00\",\"breadcrumb\":{\"@id\":\"https:\/\/siliconesmatter.ca\/fr\/innovation\/#breadcrumb\"},\"inLanguage\":\"fr-FR\",\"potentialAction\":[{\"@type\":\"ReadAction\",\"target\":[\"https:\/\/siliconesmatter.ca\/fr\/innovation\/\"]}]},{\"@type\":\"BreadcrumbList\",\"@id\":\"https:\/\/siliconesmatter.ca\/fr\/innovation\/#breadcrumb\",\"itemListElement\":[{\"@type\":\"ListItem\",\"position\":1,\"name\":\"Home\",\"item\":\"https:\/\/siliconesmatter.ca\/fr\/\"},{\"@type\":\"ListItem\",\"position\":2,\"name\":\"Innovation\"}]},{\"@type\":\"WebSite\",\"@id\":\"https:\/\/siliconesmatter.ca\/fr\/#website\",\"url\":\"https:\/\/siliconesmatter.ca\/fr\/\",\"name\":\"Silicones Matter\",\"description\":\"Silicones have helped advance clean energy technologies and innovation, such as LED lights and electric vehicles, all of which contribute to minimizing our environmental impact.\",\"potentialAction\":[{\"@type\":\"SearchAction\",\"target\":{\"@type\":\"EntryPoint\",\"urlTemplate\":\"https:\/\/siliconesmatter.ca\/fr\/?s={search_term_string}\"},\"query-input\":{\"@type\":\"PropertyValueSpecification\",\"valueRequired\":true,\"valueName\":\"search_term_string\"}}],\"inLanguage\":\"fr-FR\"}]}<\/script>\n<!-- \/ Yoast SEO plugin. -->","yoast_head_json":{"title":"Innovation - Silicones Matter","robots":{"index":"index","follow":"follow","max-snippet":"max-snippet:-1","max-image-preview":"max-image-preview:large","max-video-preview":"max-video-preview:-1"},"canonical":"https:\/\/siliconesmatter.ca\/fr\/innovation\/","og_locale":"fr_FR","og_type":"article","og_title":"Innovation - Silicones Matter","og_url":"https:\/\/siliconesmatter.ca\/fr\/innovation\/","og_site_name":"Silicones Matter","article_modified_time":"2020-05-26T16:28:48+00:00","twitter_card":"summary_large_image","schema":{"@context":"https:\/\/schema.org","@graph":[{"@type":"WebPage","@id":"https:\/\/siliconesmatter.ca\/fr\/innovation\/","url":"https:\/\/siliconesmatter.ca\/fr\/innovation\/","name":"Innovation - Silicones Matter","isPartOf":{"@id":"https:\/\/siliconesmatter.ca\/fr\/#website"},"datePublished":"2020-05-26T13:56:52+00:00","dateModified":"2020-05-26T16:28:48+00:00","breadcrumb":{"@id":"https:\/\/siliconesmatter.ca\/fr\/innovation\/#breadcrumb"},"inLanguage":"fr-FR","potentialAction":[{"@type":"ReadAction","target":["https:\/\/siliconesmatter.ca\/fr\/innovation\/"]}]},{"@type":"BreadcrumbList","@id":"https:\/\/siliconesmatter.ca\/fr\/innovation\/#breadcrumb","itemListElement":[{"@type":"ListItem","position":1,"name":"Home","item":"https:\/\/siliconesmatter.ca\/fr\/"},{"@type":"ListItem","position":2,"name":"Innovation"}]},{"@type":"WebSite","@id":"https:\/\/siliconesmatter.ca\/fr\/#website","url":"https:\/\/siliconesmatter.ca\/fr\/","name":"Silicones Matter","description":"Silicones have helped advance clean energy technologies and innovation, such as LED lights and electric vehicles, all of which contribute to minimizing our environmental impact.","potentialAction":[{"@type":"SearchAction","target":{"@type":"EntryPoint","urlTemplate":"https:\/\/siliconesmatter.ca\/fr\/?s={search_term_string}"},"query-input":{"@type":"PropertyValueSpecification","valueRequired":true,"valueName":"search_term_string"}}],"inLanguage":"fr-FR"}]}},"_links":{"self":[{"href":"https:\/\/siliconesmatter.ca\/fr\/wp-json\/wp\/v2\/pages\/155","targetHints":{"allow":["GET"]}}],"collection":[{"href":"https:\/\/siliconesmatter.ca\/fr\/wp-json\/wp\/v2\/pages"}],"about":[{"href":"https:\/\/siliconesmatter.ca\/fr\/wp-json\/wp\/v2\/types\/page"}],"author":[{"embeddable":true,"href":"https:\/\/siliconesmatter.ca\/fr\/wp-json\/wp\/v2\/users\/1"}],"replies":[{"embeddable":true,"href":"https:\/\/siliconesmatter.ca\/fr\/wp-json\/wp\/v2\/comments?post=155"}],"version-history":[{"count":10,"href":"https:\/\/siliconesmatter.ca\/fr\/wp-json\/wp\/v2\/pages\/155\/revisions"}],"predecessor-version":[{"id":213,"href":"https:\/\/siliconesmatter.ca\/fr\/wp-json\/wp\/v2\/pages\/155\/revisions\/213"}],"wp:attachment":[{"href":"https:\/\/siliconesmatter.ca\/fr\/wp-json\/wp\/v2\/media?parent=155"}],"curies":[{"name":"wp","href":"https:\/\/api.w.org\/{rel}","templated":true}]}}