{"id":153,"date":"2020-05-26T13:55:09","date_gmt":"2020-05-26T13:55:09","guid":{"rendered":"https:\/\/dev.siliconesmatter.ca\/?page_id=153"},"modified":"2020-05-27T16:32:21","modified_gmt":"2020-05-27T16:32:21","slug":"global-silicones-council","status":"publish","type":"page","link":"https:\/\/siliconesmatter.ca\/fr\/","title":{"rendered":"Global Silicones Council"},"content":{"rendered":"<section class=\"o-front-slider\">\n\t<div class=\"o-front-slider__slides\">\n\t\t<div class=\"o-front-slider__slide j-active\" style=\"background-image:url('https:\/\/siliconesmatter.ca\/wp-content\/uploads\/2020\/05\/TransportationHeader.jpg');\">\n\t\t  <h3>J&#8217;ai \u00e9t\u00e9 surpris d&#8217;apprendre que les silicones contribuent \u00e0 la s\u00e9curit\u00e9 de ma famille en assurant le bon fonctionnement des coussins gonflables.<\/h3>\n\t\t<\/div>\n\t\t<div class=\"o-front-slider__slide\" style=\"background-image:url('https:\/\/siliconesmatter.ca\/wp-content\/uploads\/2020\/05\/EnergyHeader.jpg');\">\n\t\t  <h3>J&#8217;ai \u00e9t\u00e9 surpris d&#8217;apprendre que les silicones contribuent \u00e0 la protection de l&#8217;environnement en am\u00e9liorant les technologies d&#8217;\u00e9nergies renouvelables.<\/h3>\n\t\t<\/div>\n\t\t<div class=\"o-front-slider__slide\" style=\"background-image:url('https:\/\/siliconesmatter.ca\/wp-content\/uploads\/2020\/05\/HealthHeader.jpg');\">\n\t\t  <h3>Mes patients ont \u00e9t\u00e9 surpris d&#8217;apprendre que les silicones les aident \u00e0 recevoir la bonne quantit\u00e9 de m\u00e9dicaments au bon moment.<\/h3>\n\t\t<\/div>\n\t<\/div>\n\t<nav class=\"o-front-slider__nav\">\n    <div class=\"o-front-slider__nav-item j-active\"><div class=\"o-front-slider__nav-item--wrap\">\n    \t<button class=\"o-front-slider__nav-icon\"><img decoding=\"async\" src=\"https:\/\/siliconesmatter.ca\/wp-content\/uploads\/2020\/05\/transportation.png\" \/><\/button>\n\t\t\t<h3 class=\"o-front-slider__nav-title\">Transport<\/h3>\n\t\t\t<div class=\"o-front-slider__nav-body\"><p>Les silicones sont beaucoup utilis\u00e9s dans la fabrication automobile et dans les composantes d&#8217;autres v\u00e9hicules. Leur utilisation contribue \u00e0 la durabilit\u00e9 accrue et \u00e0 la fiabilit\u00e9 des pi\u00e8ces de v\u00e9hicules et surtout, \u00e0 la s\u00e9curit\u00e9 des familles canadiennes.<a href=\"\/fr\/innovation#le-transport\">Apprendre encore plus<\/a><\/p>\n<\/div>\n    <\/div><\/div>\n\t\t<div class=\"o-front-slider__nav-item\"><div class=\"o-front-slider__nav-item--wrap\">\n\t\t\t<button class=\"o-front-slider__nav-icon\"><img decoding=\"async\" src=\"https:\/\/siliconesmatter.ca\/wp-content\/uploads\/2020\/05\/energy.png\" \/><\/button>\n\t\t\t<h3 class=\"o-front-slider__nav-title\">\u00c9nergie<\/h3>\n\t\t\t<div class=\"o-front-slider__nav-body\"><p>Les silicones aident les familles \u00e0 faire des \u00e9conomies sur les co\u00fbts d&#8217;\u00e9nergie au cours de longs hivers froids, tout en fournissant des avantages \u00e9cologiques. Un usage intelligent du silicone am\u00e9liore le rendement de l&#8217;\u00e9nergie solaire et des technologies \u00e9oliennes, permettant au Canada de r\u00e9duire son empreinte carbone et d&#8217;\u00e9conomiser sur les co\u00fbts de l&#8217;\u00e9lectricit\u00e9.<a href=\"\/fr\/innovation#l-nergie\">Apprendre encore plus<\/a><\/p>\n<\/div>\n\t\t<\/div><\/div>\n\t\t<div class=\"o-front-slider__nav-item\"><div class=\"o-front-slider__nav-item--wrap\">\n\t\t\t<button class=\"o-front-slider__nav-icon\"><img decoding=\"async\" src=\"https:\/\/siliconesmatter.ca\/wp-content\/uploads\/2020\/05\/icon-ex_1.png\" \/><\/button>\n\t\t\t<h3 class=\"o-front-slider__nav-title\">Soins de sant\u00e9<\/h3>\n\t\t\t<div class=\"o-front-slider__nav-body\"><p>Dans les soins de sant\u00e9, les silicones sont dot\u00e9s d&#8217;une combinaison unique de propri\u00e9t\u00e9s qui r\u00e9duisent les risques encourus par les patients, en permettant le fonctionnement de dispositifs m\u00e9dicaux qui permettent de sauver des vies, et en contribuant \u00e0 d&#8217;importantes innovations.<br \/>\n<a href=\"\/fr\/innovation#les-soins-de-sant-\">Apprendre encore plus<\/a><\/p>\n<\/div>\n\t\t<\/div><\/div>\n\t<\/nav>\n\n<\/section>\n\n\n<section class=\"o-block o-block--trans o-block--left\"  style=\"background-image:url(https:\/\/siliconesmatter.ca\/wp-content\/uploads\/2020\/05\/FrontPage_Sustainable.jpg);\" id=\"Durable\">\n  <div class=\"o-block__content o-block--trans-dark-blue\">\n\t\t<h2>Durable<\/h2>\n    <div class=\"o-block__body\"><p>Les silicones ont contribu\u00e9 au d\u00e9veloppement des technologies \u00e9nerg\u00e9tiques propres et \u00e0 l&#8217;innovation, tel que les lumi\u00e8res DEL et les v\u00e9hicules \u00e9lectriques, qui contribuent tous \u00e0 la r\u00e9duction de notre impact sur l&#8217;environnement.<\/p>\n<p><a href=\"\/fr\/durabilite\/\">Apprendre encore plus<\/a><\/p>\n<\/div>\n  <\/div>\n\t<div class=\"o-block__image\"><\/div>\n<\/section>\n\n\n\n<section class=\"o-block o-block--banner\">\n<div class=\"o-block__full\">\n  <div class=\"o-block__body\"><p><a href=\"http:\/\/www.siliconescarbonbalance.eu\" target=\"_blank\" rel=\"noopener\">L&#8217;utilisation de produits \u00e0 base de silicone en Europe, en Am\u00e9rique du Nord (y compris le Canada), et au Japon permet des r\u00e9ductions de CO2 \u00e9quivalentes \u00e0<\/a><\/p>\n<\/div>\n\t<h3>52 millions de tonnes par ann\u00e9e.<\/h3>\n<\/div>\n<\/section>\n\n\n<section class=\"o-block o-block--trans o-block--right\"  style=\"background-image:url(https:\/\/siliconesmatter.ca\/wp-content\/uploads\/2020\/05\/FrontPage_Smart.jpg);\" id=\"Intelligent\">\n  <div class=\"o-block__content o-block--light-green\">\n\t\t<h2>Intelligent<\/h2>\n    <div class=\"o-block__body\"><p>Les silicones jouent un r\u00f4le de soutien de plus en plus important dans l&#8217;am\u00e9lioration, l&#8217;innovation et le progr\u00e8s d&#8217;une vaste gamme de secteurs industriels canadiens, de l&#8217;automobile \u00e0 l&#8217;\u00e9lectronique aux produits de consommation tels que les produits m\u00e9nagers et les produits de soins personnels. Essentiellement, gr\u00e2ce aux silicones, les choses fonctionnent mieux et de fa\u00e7on plus intelligente.<br \/>\n<a href=\"fr\/securite\/\">Apprendre encore plus<\/a><\/p>\n<\/div>\n  <\/div>\n\t<div class=\"o-block__image\"><\/div>\n<\/section>\n","protected":false},"excerpt":{"rendered":"","protected":false},"author":1,"featured_media":0,"parent":0,"menu_order":0,"comment_status":"closed","ping_status":"closed","template":"","meta":{"footnotes":""},"class_list":["post-153","page","type-page","status-publish","hentry"],"yoast_head":"<!-- This site is optimized with the Yoast SEO plugin v25.7 - https:\/\/yoast.com\/wordpress\/plugins\/seo\/ -->\n<title>Global Silicones Council - Silicones Matter<\/title>\n<meta name=\"robots\" content=\"index, follow, max-snippet:-1, max-image-preview:large, max-video-preview:-1\" \/>\n<link rel=\"canonical\" href=\"https:\/\/siliconesmatter.ca\/fr\/\" \/>\n<meta property=\"og:locale\" content=\"fr_FR\" \/>\n<meta property=\"og:type\" content=\"article\" \/>\n<meta property=\"og:title\" content=\"Global Silicones Council - Silicones Matter\" \/>\n<meta property=\"og:url\" content=\"https:\/\/siliconesmatter.ca\/fr\/\" \/>\n<meta property=\"og:site_name\" content=\"Silicones Matter\" \/>\n<meta property=\"article:modified_time\" content=\"2020-05-27T16:32:21+00:00\" \/>\n<meta name=\"twitter:card\" content=\"summary_large_image\" \/>\n<script type=\"application\/ld+json\" class=\"yoast-schema-graph\">{\"@context\":\"https:\/\/schema.org\",\"@graph\":[{\"@type\":\"WebPage\",\"@id\":\"https:\/\/siliconesmatter.ca\/fr\/\",\"url\":\"https:\/\/siliconesmatter.ca\/fr\/\",\"name\":\"Global Silicones Council - Silicones Matter\",\"isPartOf\":{\"@id\":\"https:\/\/siliconesmatter.ca\/fr\/#website\"},\"datePublished\":\"2020-05-26T13:55:09+00:00\",\"dateModified\":\"2020-05-27T16:32:21+00:00\",\"breadcrumb\":{\"@id\":\"https:\/\/siliconesmatter.ca\/fr\/#breadcrumb\"},\"inLanguage\":\"fr-FR\",\"potentialAction\":[{\"@type\":\"ReadAction\",\"target\":[\"https:\/\/siliconesmatter.ca\/fr\/\"]}]},{\"@type\":\"BreadcrumbList\",\"@id\":\"https:\/\/siliconesmatter.ca\/fr\/#breadcrumb\",\"itemListElement\":[{\"@type\":\"ListItem\",\"position\":1,\"name\":\"Home\",\"item\":\"https:\/\/siliconesmatter.ca\/fr\/\"},{\"@type\":\"ListItem\",\"position\":2,\"name\":\"Global Silicones Council\"}]},{\"@type\":\"WebSite\",\"@id\":\"https:\/\/siliconesmatter.ca\/fr\/#website\",\"url\":\"https:\/\/siliconesmatter.ca\/fr\/\",\"name\":\"Silicones Matter\",\"description\":\"Silicones have helped advance clean energy technologies and innovation, such as LED lights and electric vehicles, all of which contribute to minimizing our environmental impact.\",\"potentialAction\":[{\"@type\":\"SearchAction\",\"target\":{\"@type\":\"EntryPoint\",\"urlTemplate\":\"https:\/\/siliconesmatter.ca\/fr\/?s={search_term_string}\"},\"query-input\":{\"@type\":\"PropertyValueSpecification\",\"valueRequired\":true,\"valueName\":\"search_term_string\"}}],\"inLanguage\":\"fr-FR\"}]}<\/script>\n<!-- \/ Yoast SEO plugin. -->","yoast_head_json":{"title":"Global Silicones Council - Silicones Matter","robots":{"index":"index","follow":"follow","max-snippet":"max-snippet:-1","max-image-preview":"max-image-preview:large","max-video-preview":"max-video-preview:-1"},"canonical":"https:\/\/siliconesmatter.ca\/fr\/","og_locale":"fr_FR","og_type":"article","og_title":"Global Silicones Council - Silicones Matter","og_url":"https:\/\/siliconesmatter.ca\/fr\/","og_site_name":"Silicones Matter","article_modified_time":"2020-05-27T16:32:21+00:00","twitter_card":"summary_large_image","schema":{"@context":"https:\/\/schema.org","@graph":[{"@type":"WebPage","@id":"https:\/\/siliconesmatter.ca\/fr\/","url":"https:\/\/siliconesmatter.ca\/fr\/","name":"Global Silicones Council - Silicones Matter","isPartOf":{"@id":"https:\/\/siliconesmatter.ca\/fr\/#website"},"datePublished":"2020-05-26T13:55:09+00:00","dateModified":"2020-05-27T16:32:21+00:00","breadcrumb":{"@id":"https:\/\/siliconesmatter.ca\/fr\/#breadcrumb"},"inLanguage":"fr-FR","potentialAction":[{"@type":"ReadAction","target":["https:\/\/siliconesmatter.ca\/fr\/"]}]},{"@type":"BreadcrumbList","@id":"https:\/\/siliconesmatter.ca\/fr\/#breadcrumb","itemListElement":[{"@type":"ListItem","position":1,"name":"Home","item":"https:\/\/siliconesmatter.ca\/fr\/"},{"@type":"ListItem","position":2,"name":"Global Silicones Council"}]},{"@type":"WebSite","@id":"https:\/\/siliconesmatter.ca\/fr\/#website","url":"https:\/\/siliconesmatter.ca\/fr\/","name":"Silicones Matter","description":"Silicones have helped advance clean energy technologies and innovation, such as LED lights and electric vehicles, all of which contribute to minimizing our environmental impact.","potentialAction":[{"@type":"SearchAction","target":{"@type":"EntryPoint","urlTemplate":"https:\/\/siliconesmatter.ca\/fr\/?s={search_term_string}"},"query-input":{"@type":"PropertyValueSpecification","valueRequired":true,"valueName":"search_term_string"}}],"inLanguage":"fr-FR"}]}},"_links":{"self":[{"href":"https:\/\/siliconesmatter.ca\/fr\/wp-json\/wp\/v2\/pages\/153","targetHints":{"allow":["GET"]}}],"collection":[{"href":"https:\/\/siliconesmatter.ca\/fr\/wp-json\/wp\/v2\/pages"}],"about":[{"href":"https:\/\/siliconesmatter.ca\/fr\/wp-json\/wp\/v2\/types\/page"}],"author":[{"embeddable":true,"href":"https:\/\/siliconesmatter.ca\/fr\/wp-json\/wp\/v2\/users\/1"}],"replies":[{"embeddable":true,"href":"https:\/\/siliconesmatter.ca\/fr\/wp-json\/wp\/v2\/comments?post=153"}],"version-history":[{"count":15,"href":"https:\/\/siliconesmatter.ca\/fr\/wp-json\/wp\/v2\/pages\/153\/revisions"}],"predecessor-version":[{"id":232,"href":"https:\/\/siliconesmatter.ca\/fr\/wp-json\/wp\/v2\/pages\/153\/revisions\/232"}],"wp:attachment":[{"href":"https:\/\/siliconesmatter.ca\/fr\/wp-json\/wp\/v2\/media?parent=153"}],"curies":[{"name":"wp","href":"https:\/\/api.w.org\/{rel}","templated":true}]}}